{"id":2,"date":"2016-05-10T03:48:21","date_gmt":"2016-05-10T03:48:21","guid":{"rendered":"http:\/\/gesundheit-und-garten.naturheilpraxis-hellerau.de\/?page_id=2"},"modified":"2022-07-10T19:17:49","modified_gmt":"2022-07-10T19:17:49","slug":"sample-page","status":"publish","type":"page","link":"http:\/\/gesundheit-und-garten.naturheilpraxis-hellerau.de\/?page_id=2","title":{"rendered":"Gartentherapie"},"content":{"rendered":"<p>Die Gartentherapie umfasst den zielgerichteten Einsatz der Natur zur Steigerung des psychischen und physischen Wohlbefindens der Menschen.<\/p>\n<p>Neben medizinischen Therapiegr\u00fcnden (z.B. Behinderungen, Demenz, Morbus Alzheimer) sind es zunehmend gesellschaftlich und sozial bedingte Krankheitsbilder (z.B. Depressionen, Traumatisierungen), die neben den klassischen Behandlungsm\u00f6glichkeiten den Einsatz neuer therapeutischer Strategien sinnvoll erscheinen lassen.<\/p>\n<p>Sowohl bei der Betreuung von Kindern und Jugendlichen, psychosomatisch und psychiatrisch Erkrankten, geriatrisch oder demenziell ver\u00e4nderten Menschen oder bei der Rehabilitation Suchtkranker verzeichnet die Gartentherapie gro\u00dfe Erfolge und stellt eine ganzheitliche Erg\u00e4nzung oder Alternative zu herk\u00f6mmlichen therapeutischen Strategien dar.<\/p>\n\n\n<p id=\"u465-22\">Was ist der Unterschied zwischen Gartentherapie und anderen<strong> Therapien?<\/strong><\/p>\n\n\n\n<p>Wie in anderen Therapien steht auch in der Gartentherapie die Wiederherstellung der psychischen und k\u00f6rperlichen Gesundheit und des Wohlbefindens im Vordergrund. Gartentherapie ist jedoch eine begleitende, unterst\u00fctzende Therapie. Sie wirkt ganzheitlich \u2013 auf K\u00f6rper, Seele, Sozialverhalten, Kompetenzen \u2013 und auch die Umgebung. Sie ist au\u00dferdem im Unterschied zu vielen anderen Methoden fast f\u00fcr alle Zielgruppen geeignet, da sie sehr flexibel ist und sich an viele Bed\u00fcrfnisse anpassen l\u00e4sst. Grundvoraussetzung ist, dass die PatientInnen und KlientInnen Bezug zu Pflanzen und zur Natur haben, und dass die GartentherapeutInnen den gartentherapeutischen Prozess kompetent und einf\u00fchlsam lenken.<\/p>\n\n\n\n<p><\/p>\n","protected":false},"excerpt":{"rendered":"<p>Die Gartentherapie umfasst den zielgerichteten Einsatz der Natur zur Steigerung des psychischen und physischen Wohlbefindens der Menschen. Neben medizinischen Therapiegr\u00fcnden (z.B. Behinderungen, Demenz, Morbus Alzheimer) sind es zunehmend gesellschaftlich und sozial bedingte Krankheitsbilder (z.B. Depressionen, Traumatisierungen), die neben den klassischen Behandlungsm\u00f6glichkeiten den Einsatz neuer therapeutischer Strategien sinnvoll erscheinen lassen. Sowohl bei der Betreuung von Kindern &hellip; <\/p>\n<p class=\"link-more\"><a href=\"http:\/\/gesundheit-und-garten.naturheilpraxis-hellerau.de\/?page_id=2\" class=\"more-link\"><span class=\"screen-reader-text\">\u201eGartentherapie\u201c<\/span> weiterlesen<\/a><\/p>\n","protected":false},"author":1,"featured_media":0,"parent":0,"menu_order":0,"comment_status":"closed","ping_status":"open","template":"","meta":{"footnotes":""},"_links":{"self":[{"href":"http:\/\/gesundheit-und-garten.naturheilpraxis-hellerau.de\/index.php?rest_route=\/wp\/v2\/pages\/2"}],"collection":[{"href":"http:\/\/gesundheit-und-garten.naturheilpraxis-hellerau.de\/index.php?rest_route=\/wp\/v2\/pages"}],"about":[{"href":"http:\/\/gesundheit-und-garten.naturheilpraxis-hellerau.de\/index.php?rest_route=\/wp\/v2\/types\/page"}],"author":[{"embeddable":true,"href":"http:\/\/gesundheit-und-garten.naturheilpraxis-hellerau.de\/index.php?rest_route=\/wp\/v2\/users\/1"}],"replies":[{"embeddable":true,"href":"http:\/\/gesundheit-und-garten.naturheilpraxis-hellerau.de\/index.php?rest_route=%2Fwp%2Fv2%2Fcomments&post=2"}],"version-history":[{"count":4,"href":"http:\/\/gesundheit-und-garten.naturheilpraxis-hellerau.de\/index.php?rest_route=\/wp\/v2\/pages\/2\/revisions"}],"predecessor-version":[{"id":31,"href":"http:\/\/gesundheit-und-garten.naturheilpraxis-hellerau.de\/index.php?rest_route=\/wp\/v2\/pages\/2\/revisions\/31"}],"wp:attachment":[{"href":"http:\/\/gesundheit-und-garten.naturheilpraxis-hellerau.de\/index.php?rest_route=%2Fwp%2Fv2%2Fmedia&parent=2"}],"curies":[{"name":"wp","href":"https:\/\/api.w.org\/{rel}","templated":true}]}}